{"id":1257,"date":"2020-09-07T16:20:34","date_gmt":"2020-09-07T14:20:34","guid":{"rendered":"https:\/\/herlinco.be\/beispielseite\/"},"modified":"2023-05-30T12:30:33","modified_gmt":"2023-05-30T10:30:33","slug":"beispielseite","status":"publish","type":"page","link":"https:\/\/herlinco.be\/de\/beispielseite\/","title":{"rendered":"Beispielseite"},"content":{"rendered":"\n<p>Dies ist eine Beispielseite. Dies unterscheidet sich von einem Blogartikel, weil er am selben Ort bleibt und in der Navigation Ihrer Website erscheint (in den meisten Designs). Die meisten beginnen mit einer &#8222;\u00dcber&#8220;-Seite, auf der sie den Besuchern der Website vorgestellt werden. Dies k\u00f6nnte in etwa so aussehen:<\/p>\n\n<blockquote class=\"wp-block-quote\"><p>Hallo! Ich bin ein Mechaniker, der danach strebt, Schauspieler zu werden, und dies ist meine Website. Ich lebe in Bordeaux, habe einen tollen Hund namens Russell und mag Wodka-Ananas (sowie bei langen Spazierg\u00e4ngen am Strand bei Sonnenuntergang von pl\u00f6tzlichem Regen \u00fcberrascht zu werden).<\/p><\/blockquote>\n\n<p>&#8230; oder so \u00e4hnlich:<\/p>\n\n<blockquote class=\"wp-block-quote\"><p>Das Unternehmen 123 Machin Truc wurde 1971 gegr\u00fcndet und bietet der \u00d6ffentlichkeit seither kontinuierlich qualitativ hochwertige Machin Trucs an. Das in Saint-Remy-en-Bouzemont-Saint-Genest-et-Isson ans\u00e4ssige Unternehmen 123 Machin Truc besch\u00e4ftigt 2 000 Personen und stellt alle m\u00f6glichen tollen Dinge f\u00fcr die Gemeinde von Bouzemonto her.<\/p><\/blockquote>\n\n<p>Als neuer Benutzer oder neue Benutzerin von WordPress sollten Sie in <a href=\"http:\/\/herlinco.be\/wp-admin\/\">Ihrem Dashboard<\/a> diese Seite l\u00f6schen und neue Seiten f\u00fcr Ihre Inhalte erstellen. Viel Spa\u00df!<\/p>\n","protected":false},"excerpt":{"rendered":"<p>Dies ist eine Beispielseite. Dies unterscheidet sich von einem Blogartikel, weil er am selben Ort bleibt und in der Navigation Ihrer Website erscheint (in den meisten Designs). Die meisten beginnen mit einer &#8222;\u00dcber&#8220;-Seite, auf der sie den Besuchern der Website vorgestellt werden. Dies k\u00f6nnte in etwa so aussehen: Hallo! Ich bin ein Mechaniker, der danach [&hellip;]<\/p>\n","protected":false},"author":1,"featured_media":0,"parent":0,"menu_order":0,"comment_status":"closed","ping_status":"open","template":"","meta":[],"_links":{"self":[{"href":"https:\/\/herlinco.be\/de\/wp-json\/wp\/v2\/pages\/1257"}],"collection":[{"href":"https:\/\/herlinco.be\/de\/wp-json\/wp\/v2\/pages"}],"about":[{"href":"https:\/\/herlinco.be\/de\/wp-json\/wp\/v2\/types\/page"}],"author":[{"embeddable":true,"href":"https:\/\/herlinco.be\/de\/wp-json\/wp\/v2\/users\/1"}],"replies":[{"embeddable":true,"href":"https:\/\/herlinco.be\/de\/wp-json\/wp\/v2\/comments?post=1257"}],"version-history":[{"count":1,"href":"https:\/\/herlinco.be\/de\/wp-json\/wp\/v2\/pages\/1257\/revisions"}],"predecessor-version":[{"id":1258,"href":"https:\/\/herlinco.be\/de\/wp-json\/wp\/v2\/pages\/1257\/revisions\/1258"}],"wp:attachment":[{"href":"https:\/\/herlinco.be\/de\/wp-json\/wp\/v2\/media?parent=1257"}],"curies":[{"name":"wp","href":"https:\/\/api.w.org\/{rel}","templated":true}]}}